{"id":84,"date":"2015-06-03T14:41:05","date_gmt":"2015-06-03T12:41:05","guid":{"rendered":"http:\/\/130.89.51.21\/?page_id=84"},"modified":"2015-06-03T15:47:29","modified_gmt":"2015-06-03T13:47:29","slug":"try-the-game-wielerclub-goor","status":"publish","type":"page","link":"https:\/\/www.hulstgames.nl\/de\/try-the-game-wielerclub-goor\/","title":{"rendered":"Versuchen Sie die Spiele &#8211; Goor"},"content":{"rendered":"<p>Bevor das Spiel Linkeballen in Produktion geht, wird es weiterentwickelt werden m\u00fcssen und der beste Weg das zu machen, ist es das Spiel zu testen. Und wer kann besser testen als ein Radklub?<\/p>\n<p>Am Freitag den 24. Februar war es soweit. Wir (Barry und Ron) durften den Radverein Goor bei der Rabobank in Goor empfangen. Bei einer Tasse Kaffee wurde den 5 Teilnehmern erkl\u00e4rt wer wir sind und wie der Entwicklungsstand des Spiels ist. Bevor die tour starten konnte, bekamen die Teilnehmer die Spielregel erkl\u00e4rt. Nach dem Startschuss wurde mit viel Spa? gespielt: St\u00fcrze, platte Reifen und querliegende Spieler sorgen f\u00fcr Spannung. Zwischendurch gab es Kaffee und Kuchen und dann ging es weiter zum Finish. Der Nachmittag wurde ein gro?er Erfolg. Die Anmerkungen des Radklubs zum Spiel sind wertvoll f\u00fcr uns und die Begeisterung und besonders gute Bewertung der Teilnehmer gab uns das Gef\u00fchl auf dem richtigen Weg zu sein. Ein Griff aus den Reaktionen zum Spiel: sehr lustig, gut, gem\u00fctlich, \u00fcberraschend, neu, interessant, herausfordernd, sch\u00f6n zu spielen, gut erfunden und ein sch\u00f6nes Radspiel.<\/p>\n<p>Wir m\u00f6chten uns beim Radverein Goor sehr herzlich f\u00fcr den netten und sehr inspirierenden Nachmittag bedanken. Bei der Rabobank bedanken wir uns f\u00fcr die Unterst\u00fctzung von Jungunternehmern.<\/p>\n<p>Unser Spiel liegt jetzt bei einem Grafikb\u00fcro und bekommt ein professionelles Design. Danach hoffen wir es herausbringen zu k\u00f6nnen. Einen Namen gibt es jetzt auch. Mit Linkeballen bleiben wir dem Radsport treu.<\/p>\n<p><a href=\"\/wp-content\/uploads\/2015\/06\/idee.jpg\"><img loading=\"lazy\" decoding=\"async\" class=\"size-medium wp-image-20 aligncenter\" alt=\"idee\" src=\"\/wp-content\/uploads\/2015\/06\/idee.jpg\" width=\"300\" height=\"225\" \/><\/a><\/p>","protected":false},"excerpt":{"rendered":"<p>Bevor das Spiel Linkeballen in Produktion geht, wird es weiterentwickelt werden m\u00fcssen und der beste Weg das zu machen, ist es das Spiel zu testen. Und wer kann besser testen als ein Radklub? Am Freitag den 24. Februar war es soweit. Wir (Barry und Ron) durften den Radverein Goor bei&#8230;<\/p>\n","protected":false},"author":6,"featured_media":0,"parent":0,"menu_order":0,"comment_status":"closed","ping_status":"closed","template":"page-sidebarright.php","meta":{"footnotes":""},"class_list":["post-84","page","type-page","status-publish","hentry"],"aioseo_notices":[],"_links":{"self":[{"href":"https:\/\/www.hulstgames.nl\/de\/wp-json\/wp\/v2\/pages\/84","targetHints":{"allow":["GET"]}}],"collection":[{"href":"https:\/\/www.hulstgames.nl\/de\/wp-json\/wp\/v2\/pages"}],"about":[{"href":"https:\/\/www.hulstgames.nl\/de\/wp-json\/wp\/v2\/types\/page"}],"author":[{"embeddable":true,"href":"https:\/\/www.hulstgames.nl\/de\/wp-json\/wp\/v2\/users\/6"}],"replies":[{"embeddable":true,"href":"https:\/\/www.hulstgames.nl\/de\/wp-json\/wp\/v2\/comments?post=84"}],"version-history":[{"count":0,"href":"https:\/\/www.hulstgames.nl\/de\/wp-json\/wp\/v2\/pages\/84\/revisions"}],"wp:attachment":[{"href":"https:\/\/www.hulstgames.nl\/de\/wp-json\/wp\/v2\/media?parent=84"}],"curies":[{"name":"wp","href":"https:\/\/api.w.org\/{rel}","templated":true}]}}