{"id":74,"date":"2015-06-03T13:48:12","date_gmt":"2015-06-03T11:48:12","guid":{"rendered":"http:\/\/130.89.51.21\/?page_id=74"},"modified":"2015-06-03T15:46:28","modified_gmt":"2015-06-03T13:46:28","slug":"try-the-game-joost-posthuma","status":"publish","type":"page","link":"https:\/\/www.hulstgames.nl\/de\/try-the-game-joost-posthuma\/","title":{"rendered":"Versuchen Sie die Spiele &#8211; Joost Posthuma"},"content":{"rendered":"<p>Samstag, 14. September 2014<br \/>\nUm 20.00 Uhr pr\u00e4sentierte HulstGames das Spiel Linkeballen dem Ex-Radprofi Joost Posthuma und seiner Frau Wienke Posthuma. Ron van der Hulst und seine Frau Claudia van der Hulst erkl\u00e4rten dem Paar zun\u00e4chst die Basisregeln des Spiels. Joost und Wienke hatten darauf viele Fragen. Ihr Interesse war geweckt und schon bald flogen die typischen Profispr\u00fcche \u00fcber den Tisch.<\/p>\n<p>Gestartet wurde mit einer flachen Etappe:<\/p>\n<p><a href=\"wp-content\/uploads\/2015\/06\/JoostPosthuma1.jpg\"><img loading=\"lazy\" decoding=\"async\" class=\"aligncenter size-full wp-image-496\" alt=\"JoostPosthuma1\" src=\"wp-content\/uploads\/2015\/06\/JoostPosthuma1.jpg\" width=\"633\" height=\"844\" \/><\/a><\/p>\n<p>Nach einem guten Start, musste Joost jedoch seine Frau Wienke vorbeiziehen lassen. Sie sammelte beim ersten Zwischensprint viele Punkte f\u00fcr ihr Team und ihr bester Fahrer sackte gleich 3 Bonussekunden ein. <\/p>\n<p>Nach der ersten Etappe Limieuxe gab es einen Zwischenstand und stellt sich heraus dass Ron die n\u00e4chste Etappe Plui Buursoi  in gelb fahren durfte: 2 Sekunden vor Wienke und 5 Sekunden vor Claudia\u2026 Joost folgte abgeschlagen mit 22 Sekunden R\u00fcckstand.<\/p>\n<p>Die zweite Etappe war eine Berg-Etappe. Dort f\u00fchlte sich Joost bedeutend besser, er konnte den R\u00fcckstand jedoch nicht mehr aufholen, trotz des vollen Risikos. Er nahm jede m\u00f6gliche Gl\u00fcckskarte und verlor: dreimal einen Massensturz \u2026 es sah fast so aus als h\u00e4tte sein Team vergessen sich die Beine zu rasieren. Wienke nutzte die Lage gut aus \u2026 Keiner ihrer Fahrer landete im Graben oder im Stacheldraht. Sie beendete das Spiel als gro?e Gewinnerin des Abends mit dem gelben Trikot.<\/p>\n<p><a href=\"\/wp-content\/uploads\/2015\/06\/JoostPosthuma2.jpg\"><img loading=\"lazy\" decoding=\"async\" class=\"aligncenter size-full wp-image-497\" alt=\"JoostPosthuma2\" src=\"\/wp-content\/uploads\/2015\/06\/JoostPosthuma2.jpg\" width=\"635\" height=\"476\" \/><\/a><\/p>\n<p>HulstGames bedankt sich bei Wienke und Joost Posthuma f\u00fcr den erfolgreichen und gem\u00fctlichen Abend.<br \/>\nJoost hat unser Spiel gleich am n\u00e4chsten Tag bestellt, und nachfolgende Referenz geschrieben: <\/p>\n<p><a href=\"\/wp-content\/uploads\/2015\/06\/JoostPosthuma3.jpg\"><img loading=\"lazy\" decoding=\"async\" class=\"aligncenter size-full wp-image-500\" alt=\"JoostPosthuma3\" src=\"\/wp-content\/uploads\/2015\/06\/JoostPosthuma3.jpg\" width=\"434\" height=\"297\" \/><\/a><\/p>\n<p>M\u00f6chten auch Sie an einem &#8218;Try The Game&#8216; Abend teilnehmen? Bis 12 Personen ist das kein Problem! Melden Sie sich an unter: 00 31 6 1004 2271.<br \/>\n<\/p>","protected":false},"excerpt":{"rendered":"<p>Samstag, 14. September 2014 Um 20.00 Uhr pr\u00e4sentierte HulstGames das Spiel Linkeballen dem Ex-Radprofi Joost Posthuma und seiner Frau Wienke Posthuma. Ron van der Hulst und seine Frau Claudia van der Hulst erkl\u00e4rten dem Paar zun\u00e4chst die Basisregeln des Spiels. Joost und Wienke hatten darauf viele Fragen. Ihr Interesse war&#8230;<\/p>\n","protected":false},"author":6,"featured_media":0,"parent":0,"menu_order":0,"comment_status":"closed","ping_status":"closed","template":"page-sidebarright.php","meta":{"footnotes":""},"class_list":["post-74","page","type-page","status-publish","hentry"],"aioseo_notices":[],"_links":{"self":[{"href":"https:\/\/www.hulstgames.nl\/de\/wp-json\/wp\/v2\/pages\/74","targetHints":{"allow":["GET"]}}],"collection":[{"href":"https:\/\/www.hulstgames.nl\/de\/wp-json\/wp\/v2\/pages"}],"about":[{"href":"https:\/\/www.hulstgames.nl\/de\/wp-json\/wp\/v2\/types\/page"}],"author":[{"embeddable":true,"href":"https:\/\/www.hulstgames.nl\/de\/wp-json\/wp\/v2\/users\/6"}],"replies":[{"embeddable":true,"href":"https:\/\/www.hulstgames.nl\/de\/wp-json\/wp\/v2\/comments?post=74"}],"version-history":[{"count":0,"href":"https:\/\/www.hulstgames.nl\/de\/wp-json\/wp\/v2\/pages\/74\/revisions"}],"wp:attachment":[{"href":"https:\/\/www.hulstgames.nl\/de\/wp-json\/wp\/v2\/media?parent=74"}],"curies":[{"name":"wp","href":"https:\/\/api.w.org\/{rel}","templated":true}]}}