{"id":66,"date":"2015-06-03T13:39:11","date_gmt":"2015-06-03T11:39:11","guid":{"rendered":"http:\/\/130.89.51.21\/?page_id=66"},"modified":"2016-05-10T21:54:30","modified_gmt":"2016-05-10T19:54:30","slug":"tweede-concept","status":"publish","type":"page","link":"https:\/\/www.hulstgames.nl\/de\/tweede-concept\/","title":{"rendered":"Empfangen zweiten Entwurf Bord"},"content":{"rendered":"<p>Pim (Forsch) bittet uns erneut vorbei zu kommen und pr\u00e4sentiert uns ohne Umschweife und zu unserer gro?en \u00dcberraschung ein professionell aussehendes Spielbrett mit Booten am Strand, einem Publikum bewaffnet mit F\u00e4hnchen, Autos, Campern, Hubschraubern usw. Alle Ideen vom letzten Treffen wurden eingearbeitet. Es kommt Stolz in uns auf.<\/p>\n<p>Und das ist noch nicht Alles. Forsch hat auch ein Muster der Verpackung vorbereitet, inklusive Beschriftung und Firmenlogo. Wir sind begeistert. Genauso hatten wir es und vorgestellt.<\/p>\n<p>Als Pim dann auch noch ein Musterp\u00e4ckchen Gl\u00fcckskarten zum Vorschein zaubert, schon komplett beschriftet und ganz im Design des Spielbretts und der Verpackung, d\u00e4mmert es uns dass unser Spiel eine sehr professionelle und attraktive Form annimmt.<\/p>\n<p>Wir besprechen noch ein Paar Verbesserungsvorschl\u00e4ge und fahren beschwingt nach Hause. Beim n\u00e4chsten Treffen folgt die Auslieferung.<br \/>\nWir k\u00f6nnen es kaum erwarten.<\/p>\n<p><a href=\"http:\/\/www.hulstgames.nl\/wp-content\/uploads\/2016\/05\/bord-2de-concept-klein.jpg\"><img loading=\"lazy\" decoding=\"async\" class=\"size-medium wp-image-25 aligncenter\" src=\"http:\/\/www.hulstgames.nl\/wp-content\/uploads\/2016\/05\/bord-2de-concept-klein.jpg\" alt=\"IMAG1441\" width=\"300\" height=\"179\" \/><\/a><\/p>","protected":false},"excerpt":{"rendered":"<p>Pim (Forsch) bittet uns erneut vorbei zu kommen und pr\u00e4sentiert uns ohne Umschweife und zu unserer gro?en \u00dcberraschung ein professionell aussehendes Spielbrett mit Booten am Strand, einem Publikum bewaffnet mit F\u00e4hnchen, Autos, Campern, Hubschraubern usw. Alle Ideen vom letzten Treffen wurden eingearbeitet. Es kommt Stolz in uns auf. Und das&#8230;<\/p>\n","protected":false},"author":6,"featured_media":0,"parent":0,"menu_order":0,"comment_status":"closed","ping_status":"closed","template":"page-sidebarright.php","meta":{"footnotes":""},"class_list":["post-66","page","type-page","status-publish","hentry"],"aioseo_notices":[],"_links":{"self":[{"href":"https:\/\/www.hulstgames.nl\/de\/wp-json\/wp\/v2\/pages\/66","targetHints":{"allow":["GET"]}}],"collection":[{"href":"https:\/\/www.hulstgames.nl\/de\/wp-json\/wp\/v2\/pages"}],"about":[{"href":"https:\/\/www.hulstgames.nl\/de\/wp-json\/wp\/v2\/types\/page"}],"author":[{"embeddable":true,"href":"https:\/\/www.hulstgames.nl\/de\/wp-json\/wp\/v2\/users\/6"}],"replies":[{"embeddable":true,"href":"https:\/\/www.hulstgames.nl\/de\/wp-json\/wp\/v2\/comments?post=66"}],"version-history":[{"count":0,"href":"https:\/\/www.hulstgames.nl\/de\/wp-json\/wp\/v2\/pages\/66\/revisions"}],"wp:attachment":[{"href":"https:\/\/www.hulstgames.nl\/de\/wp-json\/wp\/v2\/media?parent=66"}],"curies":[{"name":"wp","href":"https:\/\/api.w.org\/{rel}","templated":true}]}}