{"id":64,"date":"2015-06-03T13:37:56","date_gmt":"2015-06-03T11:37:56","guid":{"rendered":"http:\/\/130.89.51.21\/?page_id=64"},"modified":"2016-05-10T21:51:54","modified_gmt":"2016-05-10T19:51:54","slug":"concept","status":"publish","type":"page","link":"https:\/\/www.hulstgames.nl\/de\/concept\/","title":{"rendered":"Empfang der Entwurf Bord"},"content":{"rendered":"<p>Angespannt kommen wir bei den Grafik-Designern von Forsch an. Der gro?e Moment ist gekommen: es wurde eine Konzept-Version des Spielbretts vorbereitet. Pim spannt unsere Neugierde auf die Folter und erz\u00e4hlt uns zuerst \u00fcber die verschiedenen Zwischenstationen der Entstehung des Konzepts mit Hilfe von Zeichnungen. Zum Gl\u00fcck gibt es dazu etwas zu trinken und zu knabbern.<\/p>\n<p>Pim sagt: \u201eWir haben zuerst die Felder der Etappe aufgemalt. Dabei sind wir der angelieferten Version nahezu treu geblieben.\u201d<\/p>\n<p>Wir sehen eine einfache Etappen-Aufteilung und erkennen die Etappe sofort.<\/p>\n<p>Pim: \u201eDanach haben wir die Etappen in Gebieten aufgeteilt\u201d.<\/p>\n<p>Wir sehen eine Skizze einer Berglandschaft und die Route unserer Etappe.<\/p>\n<p>Pim: \u201eDanach haben wir angefangen Objekte in die Landschaft unterzubringen, damit das Ganze mehr Farbe, Inhalt und Tiefe bekommt.\u201d<\/p>\n<p>Pim zeigt sein letztes Blatt und wir sehen eine wundersch\u00f6ne Landschaft mit B\u00e4umen, Stra?en und der Etappe. Es ist Alles sehr klein, aber es sieht toll aus.<\/p>\n<p>Pim steht auf, bringt ein gro?es Spielbrett zum Vorschein und zeigt uns vorerst die R\u00fcckseite. Wir halten die Spannung kaum noch aus. Dann sagt er: \u201cZeichnungen sind sch\u00f6n, aber in wahrer Gr\u00f6?e kann man es sich noch besser vorstellen.\u201c Er dreht das Brett um und legt es auf den Tisch.<\/p>\n<p>Ein Paar Minuten herrscht Schweigen. Dann entsteht bei Allen langsam ein breites Grinsen.<\/p>\n<p>Auf dem Brett sind Strand, Berge, B\u00e4ume, Felsen und H\u00f6henunterschiede aufgemalt. Wir sehen ein Paar spieltechnische Kleinigkeiten die noch verbesserungsf\u00e4hig sind, aber sind vom Resultat insgesamt begeistert. Es sieht super aus!<\/p>\n<p>Pim zeigt uns Details und erz\u00e4hlt \u00fcber die Techniken die angewandt wurden. \u201eIch sch\u00e4tze, dass wir in etwa 40 % der Objekte untergebracht haben\u201c, sagt er. Erst 40 % denken wir? Wie toll wird es erst aussehen wenn Alles komplett aufgemalt ist?<\/p>\n<p>Wir besprechen n\u00e4here Details \u00fcber den weiteren Vorgang und begeben uns stolz nach Hause, wo wir unseren Frauen das erste Konzept zeigen. Auch sie sind begeistert.<\/p>\n<p><a href=\"http:\/\/www.hulstgames.nl\/wp-content\/uploads\/2016\/05\/bord-1ste-concept-klein.jpg\"><img loading=\"lazy\" decoding=\"async\" class=\"size-medium wp-image-19 aligncenter\" src=\"http:\/\/www.hulstgames.nl\/wp-content\/uploads\/2016\/05\/bord-1ste-concept-klein.jpg\" alt=\"bord-1ste-concept-klein1\" width=\"300\" height=\"179\" \/><\/a><\/p>","protected":false},"excerpt":{"rendered":"<p>Angespannt kommen wir bei den Grafik-Designern von Forsch an. Der gro?e Moment ist gekommen: es wurde eine Konzept-Version des Spielbretts vorbereitet. Pim spannt unsere Neugierde auf die Folter und erz\u00e4hlt uns zuerst \u00fcber die verschiedenen Zwischenstationen der Entstehung des Konzepts mit Hilfe von Zeichnungen. Zum Gl\u00fcck gibt es dazu etwas&#8230;<\/p>\n","protected":false},"author":6,"featured_media":0,"parent":0,"menu_order":0,"comment_status":"closed","ping_status":"closed","template":"page-sidebarright.php","meta":{"footnotes":""},"class_list":["post-64","page","type-page","status-publish","hentry"],"aioseo_notices":[],"_links":{"self":[{"href":"https:\/\/www.hulstgames.nl\/de\/wp-json\/wp\/v2\/pages\/64","targetHints":{"allow":["GET"]}}],"collection":[{"href":"https:\/\/www.hulstgames.nl\/de\/wp-json\/wp\/v2\/pages"}],"about":[{"href":"https:\/\/www.hulstgames.nl\/de\/wp-json\/wp\/v2\/types\/page"}],"author":[{"embeddable":true,"href":"https:\/\/www.hulstgames.nl\/de\/wp-json\/wp\/v2\/users\/6"}],"replies":[{"embeddable":true,"href":"https:\/\/www.hulstgames.nl\/de\/wp-json\/wp\/v2\/comments?post=64"}],"version-history":[{"count":0,"href":"https:\/\/www.hulstgames.nl\/de\/wp-json\/wp\/v2\/pages\/64\/revisions"}],"wp:attachment":[{"href":"https:\/\/www.hulstgames.nl\/de\/wp-json\/wp\/v2\/media?parent=64"}],"curies":[{"name":"wp","href":"https:\/\/api.w.org\/{rel}","templated":true}]}}