{"id":111,"date":"2015-06-03T15:15:20","date_gmt":"2015-06-03T13:15:20","guid":{"rendered":"http:\/\/130.89.51.21\/?page_id=111"},"modified":"2015-06-03T15:46:47","modified_gmt":"2015-06-03T13:46:47","slug":"try-the-game-vriendenkring-filemon-wesselink","status":"publish","type":"page","link":"https:\/\/www.hulstgames.nl\/de\/try-the-game-vriendenkring-filemon-wesselink\/","title":{"rendered":"Versuchen Sie die Spiele &#8211; Freunde Filemon Wesselink"},"content":{"rendered":"<p>Am 27. Oktober 2012 wurden wir eingeladen um w\u00e4hrend des Radsport-Wochenendes im Eyserhof in Limburg (Niederlande) f\u00fcr unser Spiel Linkeballen zu werben im Freundeskreis von Fernsehstar Filemon Wesselink.<\/p>\n<p>Weil wir zu dem Zeitpunkt lediglich eine Konzept-Version des Spiels vorlegen konnten, beschlossen wir Alle nach Limburg zu fahren und zusammen zu spielen.<\/p>\n<p><a href=\"\/wp-content\/uploads\/2015\/06\/trythegame-filemon1.jpg\"><img loading=\"lazy\" decoding=\"async\" class=\"size-medium wp-image-22 aligncenter\" alt=\"trythegame-filemon1\" src=\"\/wp-content\/uploads\/2015\/06\/trythegame-filemon1.jpg\" width=\"300\" height=\"213\" \/><\/a><\/p>\n<p>Es wurde ein gem\u00fctlicher Abend. Wir spielten nach einer kurzen Einf\u00fchrung zwei Etappen mit 8 Personen. Es wurde damit abgewichen von den normalen Spielm\u00f6glichkeiten des Basisspiels. Wir bildeten 4 Teams mit jeweils 2 Spielern und pro Spieler 2 Fahrern.  Die zus\u00e4tzlichen Fahrer holten wir aus dem Erweiterungsset. <\/p>\n<p>Durch die Ausweitung der Spielerzahl, dauerte das Spiel l\u00e4nger, aber es machte auch mehr Spa?. Die Anzahl der St\u00fcrze war gro?, vor Allem bei Filemon.<\/p>\n<p><a href=\"\/wp-content\/uploads\/2015\/06\/trythegame-filemon2.jpg\"><img loading=\"lazy\" decoding=\"async\" class=\"size-medium wp-image-23 aligncenter\" alt=\"trythegame-filemon2\" src=\"\/wp-content\/uploads\/2015\/06\/trythegame-filemon2.jpg\" width=\"300\" height=\"224\" \/><\/a><\/p>\n<p>Nach einer flachen Etappe wurde eine Berg-Etappe gespielt. Der letzte Fahrer fuhr erst um 1:30 Uhr Nachts \u00fcber die Ziellinie. Danach wurde das Endergebnis berechnet. <\/p>\n<p>Es war ein erfolgreicher Abend, fanden auch die Teilnehmer des Freundeskreises. Die Bewertung des Spiels und des Abends waren sehr gut und wir bekamen noch sehr n\u00fctzliche Entwicklungstipps die wir sicher ins Spiel einbauen werden. <\/p>\n<p>Filemon, Bob, Jeroen, Bart und Menno, vielen Dank f\u00fcr den Beitrag, f\u00fcr die Gastfreundschaft und wir hoffen auf ein baldiges Wiedersehen!<br \/>\n<\/p>","protected":false},"excerpt":{"rendered":"<p>Am 27. Oktober 2012 wurden wir eingeladen um w\u00e4hrend des Radsport-Wochenendes im Eyserhof in Limburg (Niederlande) f\u00fcr unser Spiel Linkeballen zu werben im Freundeskreis von Fernsehstar Filemon Wesselink. Weil wir zu dem Zeitpunkt lediglich eine Konzept-Version des Spiels vorlegen konnten, beschlossen wir Alle nach Limburg zu fahren und zusammen zu&#8230;<\/p>\n","protected":false},"author":6,"featured_media":0,"parent":0,"menu_order":0,"comment_status":"closed","ping_status":"closed","template":"page-sidebarright.php","meta":{"footnotes":""},"class_list":["post-111","page","type-page","status-publish","hentry"],"aioseo_notices":[],"_links":{"self":[{"href":"https:\/\/www.hulstgames.nl\/de\/wp-json\/wp\/v2\/pages\/111","targetHints":{"allow":["GET"]}}],"collection":[{"href":"https:\/\/www.hulstgames.nl\/de\/wp-json\/wp\/v2\/pages"}],"about":[{"href":"https:\/\/www.hulstgames.nl\/de\/wp-json\/wp\/v2\/types\/page"}],"author":[{"embeddable":true,"href":"https:\/\/www.hulstgames.nl\/de\/wp-json\/wp\/v2\/users\/6"}],"replies":[{"embeddable":true,"href":"https:\/\/www.hulstgames.nl\/de\/wp-json\/wp\/v2\/comments?post=111"}],"version-history":[{"count":0,"href":"https:\/\/www.hulstgames.nl\/de\/wp-json\/wp\/v2\/pages\/111\/revisions"}],"wp:attachment":[{"href":"https:\/\/www.hulstgames.nl\/de\/wp-json\/wp\/v2\/media?parent=111"}],"curies":[{"name":"wp","href":"https:\/\/api.w.org\/{rel}","templated":true}]}}